{"id":1458,"date":"2022-05-14T20:37:38","date_gmt":"2022-05-14T20:37:38","guid":{"rendered":"https:\/\/cativarportugal.com\/?page_id=1458"},"modified":"2023-01-25T17:05:25","modified_gmt":"2023-01-25T17:05:25","slug":"politica-de-privacidade","status":"publish","type":"page","link":"https:\/\/cativarportugal.com\/en\/politica-de-privacidade\/","title":{"rendered":"politica de privacidade"},"content":{"rendered":"<div data-elementor-type=\"wp-page\" data-elementor-id=\"1458\" class=\"elementor elementor-1458\" data-elementor-post-type=\"page\">\n\t\t\t\t\t\t<section class=\"elementor-section elementor-top-section elementor-element elementor-element-bdbcfa9 elementor-section-boxed elementor-section-height-default elementor-section-height-default\" data-id=\"bdbcfa9\" data-element_type=\"section\" data-e-type=\"section\">\n\t\t\t\t\t\t<div class=\"elementor-container elementor-column-gap-default\">\n\t\t\t\t\t<div class=\"elementor-column elementor-col-100 elementor-top-column elementor-element elementor-element-a5fd669\" data-id=\"a5fd669\" data-element_type=\"column\" data-e-type=\"column\">\n\t\t\t<div class=\"elementor-widget-wrap elementor-element-populated\">\n\t\t\t\t\t\t<div class=\"elementor-element elementor-element-a5e1dc6 elementor-widget elementor-widget-heading\" data-id=\"a5e1dc6\" data-element_type=\"widget\" data-e-type=\"widget\" data-widget_type=\"heading.default\">\n\t\t\t\t<div class=\"elementor-widget-container\">\n\t\t\t\t\t<h2 class=\"elementor-heading-title elementor-size-default\">Politica de Privacidade<\/h2>\t\t\t\t<\/div>\n\t\t\t\t<\/div>\n\t\t\t\t\t<\/div>\n\t\t<\/div>\n\t\t\t\t\t<\/div>\n\t\t<\/section>\n\t\t\t\t<section class=\"elementor-section elementor-top-section elementor-element elementor-element-4280eac elementor-section-boxed elementor-section-height-default elementor-section-height-default\" data-id=\"4280eac\" data-element_type=\"section\" data-e-type=\"section\">\n\t\t\t\t\t\t<div class=\"elementor-container elementor-column-gap-default\">\n\t\t\t\t\t<div class=\"elementor-column elementor-col-100 elementor-top-column elementor-element elementor-element-5d59e3a\" data-id=\"5d59e3a\" data-element_type=\"column\" data-e-type=\"column\">\n\t\t\t<div class=\"elementor-widget-wrap elementor-element-populated\">\n\t\t\t\t\t\t<div class=\"elementor-element elementor-element-82efadf elementor-widget elementor-widget-text-editor\" data-id=\"82efadf\" data-element_type=\"widget\" data-e-type=\"widget\" data-widget_type=\"text-editor.default\">\n\t\t\t\t<div class=\"elementor-widget-container\">\n\t\t\t\t\t\t\t\t\t<p>UTILIZA\u00c7\u00c3O, CONFIDENCIALIDADE, SEGURAN\u00c7A E PROTE\u00c7\u00c3O DE DADOS PESSOAIS<br \/>Condi\u00e7\u00f5es de Utiliza\u00e7\u00e3o<br \/>Quando acede ao site da, cativarportugal.com est\u00e1 a aceitar os termos expostos nestas condi\u00e7\u00f5es<br \/>de utiliza\u00e7\u00e3o.<br \/>Todos os direitos de autor, copyright, marca registada e outros aplic\u00e1veis ou utilizados no presente<br \/>site s\u00e3o perten\u00e7a de aharquitetos.eu, e est\u00e3o protegidos por direitos de autor. Todos os<br \/>direitos que n\u00e3o sejam expressamente concedidos pelo presente conte\u00fado s\u00e3o direitos reservados.<br \/>\u00c9 proibida a c\u00f3pia, altera\u00e7\u00e3o, distribui\u00e7\u00e3o, transmiss\u00e3o, exibi\u00e7\u00e3o, reprodu\u00e7\u00e3o, publica\u00e7\u00e3o,<br \/>transfer\u00eancia ou venda de quaisquer informa\u00e7\u00f5es, produtos ou servi\u00e7os obtidos atrav\u00e9s do site da,<br \/>cativarportugal.com salvo autoriza\u00e7\u00e3o pr\u00e9via.<br \/>Em caso algum, a cativarportugal.com poder\u00e1 ser responsabilizada, direta ou indiretamente, por<br \/>qualquer dano resultante ou de qualquer forma relacionado com o uso do seu site. A<br \/>cativarportugal.com n\u00e3o garante que as suas p\u00e1ginas na Web n\u00e3o ser\u00e3o interrompidas ou que<br \/>n\u00e3o ter\u00e3o erros.<br \/>A cativarportugal.com reserva-se o direito de inserir, alterar e remover, sem aviso pr\u00e9vio e seja<br \/>qual for a causa, qualquer informa\u00e7\u00e3o presente no site. O utilizador \u00e9 respons\u00e1vel por rever o<br \/>conte\u00fado sempre que consultar o site.<br \/>Dados Pessoais<br \/>A, cativarportugal.com mant\u00e9m uma base de dados com o registo dos seus clientes, sendo<br \/>recolhidos e processados automaticamente. A recolha de dados de identifica\u00e7\u00e3o do utilizador poder\u00e1<br \/>ser efetuada via Internet (no pr\u00f3prio site), telefone ou atrav\u00e9s de impressos e ser\u00e3o processados,<br \/>nos termos aprovados pela Comiss\u00e3o Nacional de Prote\u00e7\u00e3o de Dados de Portugal e pela<br \/>cativarportugal.com entidade respons\u00e1vel pelos correspondentes ficheiros, . Toda a recolha de dados operar\u00e1<br \/>de acordo com as mais estritas regras de seguran\u00e7a e nenhuma entidade externa \u00e0<br \/>cativarportugal.com tem acesso ou pode consultar estes dados.<br \/>Em nenhuma situa\u00e7\u00e3o ser\u00e1 solicitada informa\u00e7\u00e3o sobre convic\u00e7\u00f5es filos\u00f3ficas ou pol\u00edticas, filia\u00e7\u00e3o<br \/>partid\u00e1ria ou sindical, f\u00e9 religiosa, vida privada e origem racial ou \u00e9tnica, bem como, os dados<br \/>relativos \u00e0 sa\u00fade e \u00e0 vida sexual, incluindo os dados gen\u00e9ticos.<br \/>O Tratamento dos Dados Pessoais \u00e9 realizado no estrito cumprimento da legisla\u00e7\u00e3o de prote\u00e7\u00e3o de<br \/>dados pessoais tudo nos termos do disposto nas Diretivas Europeias 95\/46 e 2002\/58, na Lei n.\u00ba<br \/>67\/98 de 26 de Outubro e\/ou qualquer legisla\u00e7\u00e3o que regule, adite ou substitua a \u201cRegula\u00e7\u00e3o sobre<br \/>Prote\u00e7\u00e3o de Dados Pessoais\u201d (doravante referida como RPDP).<br \/>Quaisquer dados pessoais que os UTILIZADORES possam revelar \u00e0 cativarportugal.comser\u00e3o<br \/>entendidos como obtidos, tratados e transmitidos sob o estrito cumprimento da RPDP.<br \/>A cativarportugal.com declara e garante que implementou e continuar\u00e1 a implementar as medidas<br \/>de seguran\u00e7a de natureza t\u00e9cnica e organizacional necess\u00e1rias para garantir a seguran\u00e7a dos dados<br \/>de car\u00e1ter pessoal visando evitar a sua altera\u00e7\u00e3o, perda, tratamento e\/ou acesso n\u00e3o autorizado,<br \/>tendo em conta o estado atual da tecnologia, a natureza dos dados armazenados e os riscos a que<br \/>est\u00e3o expostos.<br \/>Todos os dados recolhidos atrav\u00e9s do site s\u00e3o inteiramente confidenciais e<br \/>destinam-se \u00e0 gest\u00e3o de clientes e servi\u00e7os do mesmo.<br \/>Tratamento de Dados Pessoais:<br \/>Os Dados Pessoais obtidos atrav\u00e9s do site, cativarportugal.com telefone, email ou atrav\u00e9s de<br \/>impressos s\u00e3o incorporados em aplica\u00e7\u00e3o inform\u00e1tica propriedade da cativarportugal.com O<br \/>acesso \u00e0 informa\u00e7\u00e3o em arquivo por parte dos colaboradores da cativarportugal.com somente \u00e9<br \/>poss\u00edvel com a inser\u00e7\u00e3o de c\u00f3digos de acesso ficando o registo documentado. A altera\u00e7\u00e3o a dados<br \/>existentes nos arquivos \u00e9 poss\u00edvel ficando um registo da data e do c\u00f3digo de utilizador respons\u00e1vel<br \/>pela altera\u00e7\u00e3o.<\/p><p>Direitos dos Utilizadores<br \/>O utilizador pode exercer a todo o tempo os seus direitos de acesso, retifica\u00e7\u00e3o, apagamento, limita\u00e7\u00e3o, oposi\u00e7\u00e3o e portabilidade, atrav\u00e9s de solicita\u00e7\u00e3o por qualquer dos seguintes meios:<\/p><p>Correio:<br \/>Apartado 15, Loja CTT \u2013 Tomar 2300-999<\/p><p>E-mail:<br \/>geral@cativarportugal.com<\/p><p>O titular poder\u00e1 ainda apresentar reclama\u00e7\u00f5es sobre o tratamento de dados junto da Comiss\u00e3o Nacional de Prote\u00e7\u00e3o de Dados.<\/p><p><br \/>Os Dados Pessoais s\u00e3o tratados com o grau de prote\u00e7\u00e3o legalmente exig\u00edvel para garantir a<br \/>seguran\u00e7a dos mesmos e evitar a sua altera\u00e7\u00e3o, perda, tratamento ou acesso n\u00e3o autorizado, tendo<br \/>em conta o estado da tecnologia, sendo o utilizador consciente e aceitando que as medidas de<br \/>seguran\u00e7a em Internet n\u00e3o s\u00e3o inexpugn\u00e1veis. A cativarportugal.com est\u00e1 dotada de infraestruturas t\u00e9cnicas de controlo perif\u00e9rico, nomeadamente por firewalls de rede, circuitos privados e<br \/>VPN\u2019s que respeitam os requisitos de seguran\u00e7a. Os Servidores inform\u00e1ticos encontram-se alojados<br \/>num operador de datacenter\u2019s o qual efectua um servi\u00e7o de prote\u00e7\u00e3o de informa\u00e7\u00e3o digital dos<br \/>servidores alojados.<br \/>Para seguran\u00e7a dos clientes, a cativarportugal.com utiliza o certificado de seguran\u00e7a SSL &#8211;<br \/>Secure Socket Layer que \u00e9 utilizada para melhorar a seguran\u00e7a da transmiss\u00e3o de dados<br \/>atrav\u00e9s da Internet: esta tecnologia encripta e protege os dados transmitidos com recurso ao<br \/>protocolo HTTPS. O SSL garante aos visitantes do site da cativarportugal.com que os dados<br \/>fornecidos n\u00e3o ser\u00e3o intercetados de forma fraudulenta.<br \/>A cativarportugal.com acedendo a qualquer dado pessoal, compromete-se a:<br \/>\u2022 Custodi\u00e1-los por interm\u00e9dio de medidas de seguran\u00e7a, legalmente exig\u00edveis, de natureza t\u00e9cnica e<br \/>organizacional, que garantam a sua seguran\u00e7a, evitando assim sua altera\u00e7\u00e3o, perda, tratamento ou<br \/>acesso n\u00e3o autorizado, em conformidade com o estado da tecnologia em cada momento, a natureza<br \/>dos dados e os poss\u00edveis riscos a que estejam expostos;<br \/>\u2022 Utilizar ou aplicar os dados exclusivamente com as finalidades devidamente previstas;<br \/>\u2022 Certificar-se de que os dados s\u00e3o manejados unicamente pelos trabalhadores cuja interven\u00e7\u00e3o seja<br \/>necess\u00e1ria para a presta\u00e7\u00e3o do servi\u00e7o estando os mesmos obrigados ao dever de sigilo e<br \/>confidencialidade. Existindo a possibilidade de a informa\u00e7\u00e3o ser revelada a terceiros, estes devem<br \/>ser obrigados a guardar a devida confidencialidade em conformidade com o previsto neste<br \/>documento.<br \/>Pol\u00edtica de cookies:<br \/>O site cativarportugal.com utiliza cookies para melhorar a sua experi\u00eancia de navega\u00e7\u00e3o e para<br \/>fins de marketing. Este documento explica o que s\u00e3o e para que servem.<br \/>O que s\u00e3o cookies?<br \/>&#8220;Cookies&#8221; s\u00e3o pequenos ficheiros de texto que s\u00e3o armazenados no seu computador ou no seu<br \/>dispositivo m\u00f3vel atrav\u00e9s do navegador de internet (browser), retendo apenas informa\u00e7\u00e3o<br \/>relacionada com as suas prefer\u00eancias, n\u00e3o incluindo, como tal, os seus dados pessoais. A coloca\u00e7\u00e3o<br \/>de cookies ajudar\u00e1 o website a reconhecer o seu dispositivo na pr\u00f3xima vez que o visitar.<br \/>Os cookies utilizados n\u00e3o recolhem informa\u00e7\u00e3o que o poder\u00e1 identificar. Os cookies recolhem<br \/>informa\u00e7\u00f5es gen\u00e9ricas, como por exemplo, a forma como chega e utiliza o website ou a zona do pa\u00eds<br \/>atrav\u00e9s do qual acede ao website.<br \/>Os cookies ret\u00eam apenas informa\u00e7\u00e3o relacionada com as suas prefer\u00eancias. A qualquer momento<br \/>pode, atrav\u00e9s do seu navegador de internet (browser), decidir ser notificado sobre a rece\u00e7\u00e3o de<br \/>cookies, bem como bloquear a respetiva entrada no seu sistema.<br \/>Por\u00e9m, a recusa de uso de cookies no website resulta na impossibilidade de ter acesso ao mesmo.<br \/>Para que servem os Cookies?<br \/>Os cookies servem para ajudar a determinar a utilidade, interesse e o n\u00famero de utiliza\u00e7\u00f5es do site<br \/>da cativaportugal.com, permitindo uma navega\u00e7\u00e3o mais r\u00e1pida e eficiente, bem como, analisar<br \/>tr\u00e1fego com o objetivo de melhorar o nosso servi\u00e7o.<br \/>As defini\u00e7\u00f5es de cookies podem ser alteradas nas prefer\u00eancias do seu navegador. Selecione abaixo<br \/>o navegador que est\u00e1 a utilizar para obter mais informa\u00e7\u00f5es:<br \/>\u2022 Chrome<br \/>\u2022 Firefox<br \/>\u2022 Internet Explorer<br \/>\u2022 Safari<br \/>Para outros navegadores de internet (browsers), por favor, procure no menu &#8220;ajuda&#8221; do navegador<br \/>(browser) ou contacte o fornecedor do navegador (browser).<br \/>Para obter mais informa\u00e7\u00f5es sobre cookies e a respetiva utiliza\u00e7\u00e3o, sugerimos que consulte o<br \/>seguinte link, que apenas se encontra em vers\u00e3o inglesa: www.allaboutcookies.org<\/p>\t\t\t\t\t\t\t\t<\/div>\n\t\t\t\t<\/div>\n\t\t\t\t\t<\/div>\n\t\t<\/div>\n\t\t\t\t\t<\/div>\n\t\t<\/section>\n\t\t\t\t<\/div>","protected":false},"excerpt":{"rendered":"<p>Politica de Privacidade UTILIZA\u00c7\u00c3O, CONFIDENCIALIDADE, SEGURAN\u00c7A E PROTE\u00c7\u00c3O DE DADOS PESSOAISCondi\u00e7\u00f5es de Utiliza\u00e7\u00e3oQuando acede ao site da, cativarportugal.com est\u00e1 a aceitar os termos expostos nestas condi\u00e7\u00f5esde utiliza\u00e7\u00e3o.Todos os direitos de autor, copyright, marca registada e outros aplic\u00e1veis ou utilizados no presentesite s\u00e3o perten\u00e7a de aharquitetos.eu, e est\u00e3o protegidos por direitos de autor. Todos osdireitos que [&hellip;]<\/p>\n","protected":false},"author":1,"featured_media":0,"parent":0,"menu_order":0,"comment_status":"closed","ping_status":"closed","template":"","meta":{"site-sidebar-layout":"no-sidebar","site-content-layout":"page-builder","ast-site-content-layout":"default","site-content-style":"default","site-sidebar-style":"default","ast-global-header-display":"","ast-banner-title-visibility":"","ast-main-header-display":"","ast-hfb-above-header-display":"","ast-hfb-below-header-display":"","ast-hfb-mobile-header-display":"","site-post-title":"disabled","ast-breadcrumbs-content":"","ast-featured-img":"disabled","footer-sml-layout":"","ast-disable-related-posts":"","theme-transparent-header-meta":"","adv-header-id-meta":"","stick-header-meta":"","header-above-stick-meta":"","header-main-stick-meta":"","header-below-stick-meta":"","astra-migrate-meta-layouts":"default","ast-page-background-enabled":"default","ast-page-background-meta":{"desktop":{"background-color":"","background-image":"","background-repeat":"repeat","background-position":"center center","background-size":"auto","background-attachment":"scroll","background-type":"","background-media":"","overlay-type":"","overlay-color":"","overlay-opacity":"","overlay-gradient":""},"tablet":{"background-color":"","background-image":"","background-repeat":"repeat","background-position":"center center","background-size":"auto","background-attachment":"scroll","background-type":"","background-media":"","overlay-type":"","overlay-color":"","overlay-opacity":"","overlay-gradient":""},"mobile":{"background-color":"","background-image":"","background-repeat":"repeat","background-position":"center center","background-size":"auto","background-attachment":"scroll","background-type":"","background-media":"","overlay-type":"","overlay-color":"","overlay-opacity":"","overlay-gradient":""}},"ast-content-background-meta":{"desktop":{"background-color":"var(--ast-global-color-5)","background-image":"","background-repeat":"repeat","background-position":"center center","background-size":"auto","background-attachment":"scroll","background-type":"","background-media":"","overlay-type":"","overlay-color":"","overlay-opacity":"","overlay-gradient":""},"tablet":{"background-color":"var(--ast-global-color-5)","background-image":"","background-repeat":"repeat","background-position":"center center","background-size":"auto","background-attachment":"scroll","background-type":"","background-media":"","overlay-type":"","overlay-color":"","overlay-opacity":"","overlay-gradient":""},"mobile":{"background-color":"var(--ast-global-color-5)","background-image":"","background-repeat":"repeat","background-position":"center center","background-size":"auto","background-attachment":"scroll","background-type":"","background-media":"","overlay-type":"","overlay-color":"","overlay-opacity":"","overlay-gradient":""}},"footnotes":""},"class_list":["post-1458","page","type-page","status-publish","hentry"],"aioseo_notices":[],"_links":{"self":[{"href":"https:\/\/cativarportugal.com\/en\/wp-json\/wp\/v2\/pages\/1458","targetHints":{"allow":["GET"]}}],"collection":[{"href":"https:\/\/cativarportugal.com\/en\/wp-json\/wp\/v2\/pages"}],"about":[{"href":"https:\/\/cativarportugal.com\/en\/wp-json\/wp\/v2\/types\/page"}],"author":[{"embeddable":true,"href":"https:\/\/cativarportugal.com\/en\/wp-json\/wp\/v2\/users\/1"}],"replies":[{"embeddable":true,"href":"https:\/\/cativarportugal.com\/en\/wp-json\/wp\/v2\/comments?post=1458"}],"version-history":[{"count":13,"href":"https:\/\/cativarportugal.com\/en\/wp-json\/wp\/v2\/pages\/1458\/revisions"}],"predecessor-version":[{"id":1858,"href":"https:\/\/cativarportugal.com\/en\/wp-json\/wp\/v2\/pages\/1458\/revisions\/1858"}],"wp:attachment":[{"href":"https:\/\/cativarportugal.com\/en\/wp-json\/wp\/v2\/media?parent=1458"}],"curies":[{"name":"wp","href":"https:\/\/api.w.org\/{rel}","templated":true}]}}